{"id":839140,"date":"2022-04-01T13:55:27","date_gmt":"2022-04-01T12:55:27","guid":{"rendered":"https:\/\/www.wereldschool.nl\/bestellen\/?post_type=product&#038;p=839140"},"modified":"2026-02-06T10:01:54","modified_gmt":"2026-02-06T09:01:54","slug":"vo-compleet-vmbo-tl-3","status":"publish","type":"product","link":"https:\/\/www.wereldschool.nl\/bestellen\/product\/vo-compleet-vmbo-tl-3\/","title":{"rendered":"VO Compleet &#8211; VMBO\/TL 3"},"content":{"rendered":"<p class=\"elementtoproof\" style=\"background: white;\"><b><span style=\"font-size: 11.0pt; color: #242424;\">Inhoud lesprogramma onderbouw<\/span><\/b><span style=\"font-size: 11.0pt; color: #242424;\"><br \/>\nHet volledige onderwijspakket bevat standaard de online variant van het vak Nederlands. Daarnaast krijg je ook de vakken van het gekozen leerjaar of profiel. Wil je liever het vak Nederlands met online lessen combineren? Dan is het ook mogelijk om een upgrade te doen naar Nederlands Online+. Bij deze variant krijgt je kind bij het vak Nederlands iedere week een \u00e9\u00e9n-op-\u00e9\u00e9n online les met een vakdocent Nederlands. Naast Nederlands en de overige vakken bevat het volledige onderwijspakket verder nog:<\/span><\/p>\n<p class=\"elementtoproof\" style=\"background: white;\"><b><span style=\"font-size: 11.0pt; color: #242424;\">Groep<\/span><\/b><\/p>\n<p class=\"elementtoproof\" style=\"background: white;\"><span style=\"font-size: 11.0pt; color: #242424;\">\u2022 Ouderbijeenkomsten 3x per jaar<br \/>\n\u2022 Startsessie &amp; afsluitsessie<br \/>\n\u2022 18 groepslessen voor alle leerlingen onderbouw\/bovenbouw VO-compleet<\/span><\/p>\n<p class=\"elementtoproof\" style=\"background: white;\"><b><span style=\"font-size: 11.0pt; color: #242424;\">Individueel<\/span><\/b><\/p>\n<p class=\"elementtoproof\" style=\"background: white;\"><span style=\"font-size: 11.0pt; color: #242424;\">\u2022 Het lesprogramma individueel op eigen tempo doorlopen<br \/>\n\u2022 1-op-1 begeleiding<br \/>\n\u2022 Mentorraat 10 x 30 minuten voortgangsgesprek<br \/>\n\u2022 Strippenkaart 10 x 30-45 minuten<\/span><\/p>\n<p>Tijdsbesteding: 30 uur per week.<\/p>\n<p><em>Let op: voor alle online lesprogramma&#8217;s is een laptop\/PC met internetverbinding een vereiste. Wij raden aan om Google Chrome te gebruiken.<\/em><\/p>\n","protected":false},"excerpt":{"rendered":"<p>Wil je dat je kind verzekerd is van kwalitatief goed Nederlands onderwijs in het buitenland? De Wereldschool biedt het volledige lespakket in het voortgezet onderwijs aan. Een compleet VO-pakket met alle vakken in het gewenste leerjaar op vmbo-tl, havo of vwo-niveau, inclusief groeps- \u00e9n priv\u00e9lessen. Waar je kind zich ook bevindt, bij de Wereldschool zijn jullie verzekerd van kwalitatief goed Nederlands onderwijs!<\/p>\n","protected":false},"featured_media":0,"template":"","meta":[],"product_brand":[],"product_cat":[21],"product_tag":[],"class_list":{"0":"post-839140","1":"product","2":"type-product","3":"status-publish","5":"product_cat-vakken","7":"first","8":"instock","9":"sold-individually","10":"purchasable","11":"product-type-variable"},"yoast_head":"<!-- This site is optimized with the Yoast SEO plugin v27.4 - https:\/\/yoast.com\/product\/yoast-seo-wordpress\/ -->\n<title>VO Compleet - vmbo\/tl 3<\/title>\n<meta name=\"description\" content=\"Bestel VO Compleet - VMBO\/TL 3 uit de categorie Vakken eenvoudig online in onze shop.\" \/>\n<meta name=\"robots\" content=\"index, follow, max-snippet:-1, max-image-preview:large, max-video-preview:-1\" \/>\n<link rel=\"canonical\" href=\"https:\/\/www.wereldschool.nl\/bestellen\/product\/vo-compleet-vmbo-tl-3\/\" \/>\n<meta property=\"og:locale\" content=\"nl_NL\" \/>\n<meta property=\"og:type\" content=\"article\" \/>\n<meta property=\"og:title\" content=\"VO Compleet - vmbo\/tl 3\" \/>\n<meta property=\"og:description\" content=\"Bestel VO Compleet - VMBO\/TL 3 uit de categorie Vakken eenvoudig online in onze shop.\" \/>\n<meta property=\"og:url\" content=\"https:\/\/www.wereldschool.nl\/bestellen\/product\/vo-compleet-vmbo-tl-3\/\" \/>\n<meta property=\"og:site_name\" content=\"IVIO-Wereldschool B.V.\" \/>\n<meta property=\"article:modified_time\" content=\"2026-02-06T09:01:54+00:00\" \/>\n<meta name=\"twitter:card\" content=\"summary_large_image\" \/>\n<meta name=\"twitter:label1\" content=\"Geschatte leestijd\" \/>\n\t<meta name=\"twitter:data1\" content=\"1 minuut\" \/>\n<script type=\"application\/ld+json\" class=\"yoast-schema-graph\">{\"@context\":\"https:\\\/\\\/schema.org\",\"@graph\":[{\"@type\":\"WebPage\",\"@id\":\"https:\\\/\\\/www.wereldschool.nl\\\/bestellen\\\/product\\\/vo-compleet-vmbo-tl-3\\\/\",\"url\":\"https:\\\/\\\/www.wereldschool.nl\\\/bestellen\\\/product\\\/vo-compleet-vmbo-tl-3\\\/\",\"name\":\"VO Compleet - vmbo\\\/tl 3\",\"isPartOf\":{\"@id\":\"https:\\\/\\\/www.wereldschool.nl\\\/bestellen\\\/#website\"},\"datePublished\":\"2022-04-01T12:55:27+00:00\",\"dateModified\":\"2026-02-06T09:01:54+00:00\",\"description\":\"Bestel VO Compleet - VMBO\\\/TL 3 uit de categorie Vakken eenvoudig online in onze shop.\",\"breadcrumb\":{\"@id\":\"https:\\\/\\\/www.wereldschool.nl\\\/bestellen\\\/product\\\/vo-compleet-vmbo-tl-3\\\/#breadcrumb\"},\"inLanguage\":\"nl-NL\",\"potentialAction\":[{\"@type\":\"ReadAction\",\"target\":[\"https:\\\/\\\/www.wereldschool.nl\\\/bestellen\\\/product\\\/vo-compleet-vmbo-tl-3\\\/\"]}]},{\"@type\":\"BreadcrumbList\",\"@id\":\"https:\\\/\\\/www.wereldschool.nl\\\/bestellen\\\/product\\\/vo-compleet-vmbo-tl-3\\\/#breadcrumb\",\"itemListElement\":[{\"@type\":\"ListItem\",\"position\":1,\"name\":\"Home\",\"item\":\"https:\\\/\\\/www.wereldschool.nl\\\/bestellen\\\/\"},{\"@type\":\"ListItem\",\"position\":2,\"name\":\"Inschrijven?\",\"item\":\"https:\\\/\\\/www.wereldschool.nl\\\/bestellen\\\/\"},{\"@type\":\"ListItem\",\"position\":3,\"name\":\"VO Compleet &#8211; VMBO\\\/TL 3\"}]},{\"@type\":\"WebSite\",\"@id\":\"https:\\\/\\\/www.wereldschool.nl\\\/bestellen\\\/#website\",\"url\":\"https:\\\/\\\/www.wereldschool.nl\\\/bestellen\\\/\",\"name\":\"IVIO-Wereldschool B.V.\",\"description\":\"Nederlandse onderwijs op afstand bestellen bij de Wereldschool\",\"publisher\":{\"@id\":\"https:\\\/\\\/www.wereldschool.nl\\\/bestellen\\\/#organization\"},\"potentialAction\":[{\"@type\":\"SearchAction\",\"target\":{\"@type\":\"EntryPoint\",\"urlTemplate\":\"https:\\\/\\\/www.wereldschool.nl\\\/bestellen\\\/?s={search_term_string}\"},\"query-input\":{\"@type\":\"PropertyValueSpecification\",\"valueRequired\":true,\"valueName\":\"search_term_string\"}}],\"inLanguage\":\"nl-NL\"},{\"@type\":\"Organization\",\"@id\":\"https:\\\/\\\/www.wereldschool.nl\\\/bestellen\\\/#organization\",\"name\":\"IVIO-Wereldschool B.V.\",\"url\":\"https:\\\/\\\/www.wereldschool.nl\\\/bestellen\\\/\",\"logo\":{\"@type\":\"ImageObject\",\"inLanguage\":\"nl-NL\",\"@id\":\"https:\\\/\\\/www.wereldschool.nl\\\/bestellen\\\/#\\\/schema\\\/logo\\\/image\\\/\",\"url\":\"https:\\\/\\\/www.wereldschool.nl\\\/bestellen\\\/wp-content\\\/uploads\\\/sites\\\/5\\\/2021\\\/03\\\/IVIO_Wereldschool_logo_RGB.svg\",\"contentUrl\":\"https:\\\/\\\/www.wereldschool.nl\\\/bestellen\\\/wp-content\\\/uploads\\\/sites\\\/5\\\/2021\\\/03\\\/IVIO_Wereldschool_logo_RGB.svg\",\"width\":780,\"height\":184,\"caption\":\"IVIO-Wereldschool B.V.\"},\"image\":{\"@id\":\"https:\\\/\\\/www.wereldschool.nl\\\/bestellen\\\/#\\\/schema\\\/logo\\\/image\\\/\"}}]}<\/script>\n<!-- \/ Yoast SEO plugin. -->","yoast_head_json":{"title":"VO Compleet - vmbo\/tl 3","description":"Bestel VO Compleet - VMBO\/TL 3 uit de categorie Vakken eenvoudig online in onze shop.","robots":{"index":"index","follow":"follow","max-snippet":"max-snippet:-1","max-image-preview":"max-image-preview:large","max-video-preview":"max-video-preview:-1"},"canonical":"https:\/\/www.wereldschool.nl\/bestellen\/product\/vo-compleet-vmbo-tl-3\/","og_locale":"nl_NL","og_type":"article","og_title":"VO Compleet - vmbo\/tl 3","og_description":"Bestel VO Compleet - VMBO\/TL 3 uit de categorie Vakken eenvoudig online in onze shop.","og_url":"https:\/\/www.wereldschool.nl\/bestellen\/product\/vo-compleet-vmbo-tl-3\/","og_site_name":"IVIO-Wereldschool B.V.","article_modified_time":"2026-02-06T09:01:54+00:00","twitter_card":"summary_large_image","twitter_misc":{"Geschatte leestijd":"1 minuut"},"schema":{"@context":"https:\/\/schema.org","@graph":[{"@type":"WebPage","@id":"https:\/\/www.wereldschool.nl\/bestellen\/product\/vo-compleet-vmbo-tl-3\/","url":"https:\/\/www.wereldschool.nl\/bestellen\/product\/vo-compleet-vmbo-tl-3\/","name":"VO Compleet - vmbo\/tl 3","isPartOf":{"@id":"https:\/\/www.wereldschool.nl\/bestellen\/#website"},"datePublished":"2022-04-01T12:55:27+00:00","dateModified":"2026-02-06T09:01:54+00:00","description":"Bestel VO Compleet - VMBO\/TL 3 uit de categorie Vakken eenvoudig online in onze shop.","breadcrumb":{"@id":"https:\/\/www.wereldschool.nl\/bestellen\/product\/vo-compleet-vmbo-tl-3\/#breadcrumb"},"inLanguage":"nl-NL","potentialAction":[{"@type":"ReadAction","target":["https:\/\/www.wereldschool.nl\/bestellen\/product\/vo-compleet-vmbo-tl-3\/"]}]},{"@type":"BreadcrumbList","@id":"https:\/\/www.wereldschool.nl\/bestellen\/product\/vo-compleet-vmbo-tl-3\/#breadcrumb","itemListElement":[{"@type":"ListItem","position":1,"name":"Home","item":"https:\/\/www.wereldschool.nl\/bestellen\/"},{"@type":"ListItem","position":2,"name":"Inschrijven?","item":"https:\/\/www.wereldschool.nl\/bestellen\/"},{"@type":"ListItem","position":3,"name":"VO Compleet &#8211; VMBO\/TL 3"}]},{"@type":"WebSite","@id":"https:\/\/www.wereldschool.nl\/bestellen\/#website","url":"https:\/\/www.wereldschool.nl\/bestellen\/","name":"IVIO-Wereldschool B.V.","description":"Nederlandse onderwijs op afstand bestellen bij de Wereldschool","publisher":{"@id":"https:\/\/www.wereldschool.nl\/bestellen\/#organization"},"potentialAction":[{"@type":"SearchAction","target":{"@type":"EntryPoint","urlTemplate":"https:\/\/www.wereldschool.nl\/bestellen\/?s={search_term_string}"},"query-input":{"@type":"PropertyValueSpecification","valueRequired":true,"valueName":"search_term_string"}}],"inLanguage":"nl-NL"},{"@type":"Organization","@id":"https:\/\/www.wereldschool.nl\/bestellen\/#organization","name":"IVIO-Wereldschool B.V.","url":"https:\/\/www.wereldschool.nl\/bestellen\/","logo":{"@type":"ImageObject","inLanguage":"nl-NL","@id":"https:\/\/www.wereldschool.nl\/bestellen\/#\/schema\/logo\/image\/","url":"https:\/\/www.wereldschool.nl\/bestellen\/wp-content\/uploads\/sites\/5\/2021\/03\/IVIO_Wereldschool_logo_RGB.svg","contentUrl":"https:\/\/www.wereldschool.nl\/bestellen\/wp-content\/uploads\/sites\/5\/2021\/03\/IVIO_Wereldschool_logo_RGB.svg","width":780,"height":184,"caption":"IVIO-Wereldschool B.V."},"image":{"@id":"https:\/\/www.wereldschool.nl\/bestellen\/#\/schema\/logo\/image\/"}}]}},"_links":{"self":[{"href":"https:\/\/www.wereldschool.nl\/bestellen\/wp-json\/wp\/v2\/product\/839140","targetHints":{"allow":["GET"]}}],"collection":[{"href":"https:\/\/www.wereldschool.nl\/bestellen\/wp-json\/wp\/v2\/product"}],"about":[{"href":"https:\/\/www.wereldschool.nl\/bestellen\/wp-json\/wp\/v2\/types\/product"}],"wp:attachment":[{"href":"https:\/\/www.wereldschool.nl\/bestellen\/wp-json\/wp\/v2\/media?parent=839140"}],"wp:term":[{"taxonomy":"product_brand","embeddable":true,"href":"https:\/\/www.wereldschool.nl\/bestellen\/wp-json\/wp\/v2\/product_brand?post=839140"},{"taxonomy":"product_cat","embeddable":true,"href":"https:\/\/www.wereldschool.nl\/bestellen\/wp-json\/wp\/v2\/product_cat?post=839140"},{"taxonomy":"product_tag","embeddable":true,"href":"https:\/\/www.wereldschool.nl\/bestellen\/wp-json\/wp\/v2\/product_tag?post=839140"}],"curies":[{"name":"wp","href":"https:\/\/api.w.org\/{rel}","templated":true}]}}